{"id":3120,"date":"2026-04-17T11:42:30","date_gmt":"2026-04-17T09:42:30","guid":{"rendered":"https:\/\/utcaifoci.hu\/?page_id=3120"},"modified":"2026-04-17T11:42:31","modified_gmt":"2026-04-17T09:42:31","slug":"palyafoglalas","status":"publish","type":"page","link":"https:\/\/utcaifoci.hu\/?page_id=3120","title":{"rendered":"P\u00c1LYAFOGLAL\u00c1S"},"content":{"rendered":"\n<p>A p\u00e1lyahaszn\u00e1lat \u00e1tl\u00e1that\u00f3s\u00e1ga miatt a j\u00f6v\u0151ben foglal\u00e1si rendszer ker\u00fcl bevezet\u00e9sre, ezt is itt tal\u00e1lod majd.<\/p>\n","protected":false},"excerpt":{"rendered":"<p>A p\u00e1lyahaszn\u00e1lat \u00e1tl\u00e1that\u00f3s\u00e1ga miatt a j\u00f6v\u0151ben foglal\u00e1si rendszer ker\u00fcl bevezet\u00e9sre, ezt is itt tal\u00e1lod majd.<\/p>\n","protected":false},"author":1,"featured_media":0,"parent":0,"menu_order":0,"comment_status":"closed","ping_status":"closed","template":"","meta":{"footnotes":""},"class_list":["post-3120","page","type-page","status-publish","hentry"],"_links":{"self":[{"href":"https:\/\/utcaifoci.hu\/index.php?rest_route=\/wp\/v2\/pages\/3120","targetHints":{"allow":["GET"]}}],"collection":[{"href":"https:\/\/utcaifoci.hu\/index.php?rest_route=\/wp\/v2\/pages"}],"about":[{"href":"https:\/\/utcaifoci.hu\/index.php?rest_route=\/wp\/v2\/types\/page"}],"author":[{"embeddable":true,"href":"https:\/\/utcaifoci.hu\/index.php?rest_route=\/wp\/v2\/users\/1"}],"replies":[{"embeddable":true,"href":"https:\/\/utcaifoci.hu\/index.php?rest_route=%2Fwp%2Fv2%2Fcomments&post=3120"}],"version-history":[{"count":1,"href":"https:\/\/utcaifoci.hu\/index.php?rest_route=\/wp\/v2\/pages\/3120\/revisions"}],"predecessor-version":[{"id":3122,"href":"https:\/\/utcaifoci.hu\/index.php?rest_route=\/wp\/v2\/pages\/3120\/revisions\/3122"}],"wp:attachment":[{"href":"https:\/\/utcaifoci.hu\/index.php?rest_route=%2Fwp%2Fv2%2Fmedia&parent=3120"}],"curies":[{"name":"wp","href":"https:\/\/api.w.org\/{rel}","templated":true}]}}