{"id":3114,"date":"2026-04-17T11:40:41","date_gmt":"2026-04-17T09:40:41","guid":{"rendered":"https:\/\/utcaifoci.hu\/?page_id=3114"},"modified":"2026-04-17T11:40:42","modified_gmt":"2026-04-17T09:40:42","slug":"jelentkezes-elerhetoseg","status":"publish","type":"page","link":"https:\/\/utcaifoci.hu\/?page_id=3114","title":{"rendered":"JELENTKEZ\u00c9S, EL\u00c9RHET\u0150S\u00c9G"},"content":{"rendered":"\n<p><strong>E-mailen: <\/strong><a href=\"mailto:info@utcaifoci.hu\"><strong>info@utcaifoci.hu<\/strong><\/a><\/p>\n\n\n\n<p><strong>Vagy szem\u00e9lyesen az al\u00e1bbi helysz\u00edneken:<\/strong><\/p>\n\n\n\n<p>Jelenleg: Rendszeres fociedz\u00e9seink h\u00e9tf\u0151 d\u00e9lut\u00e1nonk\u00e9nt \u00e9s szombat d\u00e9lel\u0151tt\u00f6nk\u00e9nt a V\u00e1rosligeti Miniar\u00e9n\u00e1ban zajlanak, r\u00e9szletes inform\u00e1ci\u00f3k a honlapunkon tal\u00e1lhat\u00f3k.<\/p>\n\n\n\n<p>J\u00faniust\u00f3l: Keress minket k\u00f6zvetlen\u00fcl a Ny\u00faldomb Parkban tal\u00e1lhat\u00f3 \u00faj focip\u00e1ly\u00e1n!<\/p>\n","protected":false},"excerpt":{"rendered":"<p>E-mailen: info@utcaifoci.hu Vagy szem\u00e9lyesen az al\u00e1bbi helysz\u00edneken: Jelenleg: Rendszeres fociedz\u00e9seink h\u00e9tf\u0151 d\u00e9lut\u00e1nonk\u00e9nt \u00e9s szombat d\u00e9lel\u0151tt\u00f6nk\u00e9nt a V\u00e1rosligeti Miniar\u00e9n\u00e1ban zajlanak, r\u00e9szletes inform\u00e1ci\u00f3k a honlapunkon tal\u00e1lhat\u00f3k. J\u00faniust\u00f3l: Keress minket k\u00f6zvetlen\u00fcl a Ny\u00faldomb Parkban tal\u00e1lhat\u00f3 \u00faj focip\u00e1ly\u00e1n!<\/p>\n","protected":false},"author":1,"featured_media":0,"parent":0,"menu_order":0,"comment_status":"closed","ping_status":"closed","template":"","meta":{"footnotes":""},"class_list":["post-3114","page","type-page","status-publish","hentry"],"_links":{"self":[{"href":"https:\/\/utcaifoci.hu\/index.php?rest_route=\/wp\/v2\/pages\/3114","targetHints":{"allow":["GET"]}}],"collection":[{"href":"https:\/\/utcaifoci.hu\/index.php?rest_route=\/wp\/v2\/pages"}],"about":[{"href":"https:\/\/utcaifoci.hu\/index.php?rest_route=\/wp\/v2\/types\/page"}],"author":[{"embeddable":true,"href":"https:\/\/utcaifoci.hu\/index.php?rest_route=\/wp\/v2\/users\/1"}],"replies":[{"embeddable":true,"href":"https:\/\/utcaifoci.hu\/index.php?rest_route=%2Fwp%2Fv2%2Fcomments&post=3114"}],"version-history":[{"count":1,"href":"https:\/\/utcaifoci.hu\/index.php?rest_route=\/wp\/v2\/pages\/3114\/revisions"}],"predecessor-version":[{"id":3116,"href":"https:\/\/utcaifoci.hu\/index.php?rest_route=\/wp\/v2\/pages\/3114\/revisions\/3116"}],"wp:attachment":[{"href":"https:\/\/utcaifoci.hu\/index.php?rest_route=%2Fwp%2Fv2%2Fmedia&parent=3114"}],"curies":[{"name":"wp","href":"https:\/\/api.w.org\/{rel}","templated":true}]}}