{"id":3111,"date":"2026-04-17T11:38:47","date_gmt":"2026-04-17T09:38:47","guid":{"rendered":"https:\/\/utcaifoci.hu\/?page_id=3111"},"modified":"2026-04-17T11:38:48","modified_gmt":"2026-04-17T09:38:48","slug":"masodik-esely-sportegyesulet","status":"publish","type":"page","link":"https:\/\/utcaifoci.hu\/?page_id=3111","title":{"rendered":"M\u00c1SODIK ES\u00c9LY SPORTEGYES\u00dcLET"},"content":{"rendered":"\n<p><strong>K\u00fcl\u00f6nleges lehet\u0151s\u00e9gek a ker\u00fclet lak\u00f3i sz\u00e1m\u00e1ra!<\/strong><\/p>\n\n\n\n<p><strong>A k\u00f6rny\u00e9kbeliek is bekapcsol\u00f3dhatnak nagyszab\u00e1s\u00fa nemzetk\u00f6zi programjainkba: minden k\u00f6lts\u00e9gmentes, a r\u00e9szv\u00e9tel teljesen ingyenes.<\/strong><\/p>\n\n\n\n<p><strong>Rendszeres edz\u00e9sek<\/strong><strong><br><\/strong>Ingyenes, koroszt\u00e1ly\u00e1nak megfelel\u0151 edz\u00e9seinken b\u00e1rki r\u00e9szt vehet: el\u0151k\u00e9pzetts\u00e9gt\u0151l f\u00fcggetlen\u00fcl l\u00e1togathat\u00f3k \u00e9s biztons\u00e1gos, t\u00e1mogat\u00f3 k\u00f6rnyezetben zajlanak.<\/p>\n\n\n\n<p><strong>P\u00e1ly\u00e1n k\u00edv\u00fcli fejl\u0151d\u00e9s<\/strong><strong><br><\/strong>A sport mellett workshopokat, k\u00e9szs\u00e9gfejleszt\u0151 \u00e9s k\u00f6z\u00f6ss\u00e9gi csapat\u00e9p\u00edt\u0151 alkalmakat is k\u00edn\u00e1lunk. A szoci\u00e1lis munka m\u0171k\u00f6d\u00e9s\u00fcnk egyik alapvet\u0151 eleme, amelynek sor\u00e1n k\u00fcl\u00f6nb\u00f6z\u0151 kih\u00edv\u00e1sok kezel\u00e9s\u00e9ben seg\u00edtj\u00fck a r\u00e9sztvev\u0151ket.<\/p>\n\n\n\n<p><strong>Nemzetk\u00f6zi torn\u00e1k, ingyenes utaz\u00e1s<\/strong><strong><br><\/strong>\u00c9vente t\u00f6bb alkalommal utazunk nemzetk\u00f6zi torn\u00e1kra, amelyeken rendszeres edz\u00e9sl\u00e1togat\u00f3ink vehetnek r\u00e9szt.<\/p>\n\n\n\n<p><strong>Ny\u00e1ri napk\u00f6zis programok<\/strong><br>J\u00faliusban \u00e9s augusztusban ig\u00e9ny eset\u00e9n heti t\u00f6bb alkalommal tervez\u00fcnk sportalap\u00fa napk\u00f6zis foglalkoz\u00e1sokat.<\/p>\n\n\n\n<p>A M\u00e1sodik Es\u00e9ly Sportegyes\u00fclet egy nyitott, befogad\u00f3 k\u00f6z\u00f6ss\u00e9g, ahol a sport eszk\u00f6z a fejl\u0151d\u00e9shez, az \u00f6nbizalom n\u00f6vel\u00e9s\u00e9hez \u00e9s \u00faj lehet\u0151s\u00e9gekhez.<\/p>\n\n\n\n<p>C\u00e9lunk, hogy mindenki sz\u00e1m\u00e1ra biztos\u00edtsuk a rendszeres mozg\u00e1s \u00f6r\u00f6m\u00e9t, a k\u00f6z\u00f6ss\u00e9g \u00e9lm\u00e9ny\u00e9t \u00e9s teret a szem\u00e9lyes fejl\u0151d\u00e9sre.<\/p>\n\n\n\n<p><strong>Csatlakozz hozz\u00e1nk, \u00e9s l\u00e9gy r\u00e9szese egy glob\u00e1lis, m\u00e9gis helyi \u00e9rt\u00e9k\u0171 sportk\u00f6z\u00f6ss\u00e9gnek!<\/strong><\/p>\n","protected":false},"excerpt":{"rendered":"<p>K\u00fcl\u00f6nleges lehet\u0151s\u00e9gek a ker\u00fclet lak\u00f3i sz\u00e1m\u00e1ra! A k\u00f6rny\u00e9kbeliek is bekapcsol\u00f3dhatnak nagyszab\u00e1s\u00fa nemzetk\u00f6zi programjainkba: minden k\u00f6lts\u00e9gmentes, a r\u00e9szv\u00e9tel teljesen ingyenes. Rendszeres edz\u00e9sekIngyenes, koroszt\u00e1ly\u00e1nak megfelel\u0151 edz\u00e9seinken b\u00e1rki r\u00e9szt vehet: el\u0151k\u00e9pzetts\u00e9gt\u0151l f\u00fcggetlen\u00fcl l\u00e1togathat\u00f3k \u00e9s biztons\u00e1gos, t\u00e1mogat\u00f3 k\u00f6rnyezetben zajlanak. P\u00e1ly\u00e1n k\u00edv\u00fcli fejl\u0151d\u00e9sA sport mellett workshopokat, k\u00e9szs\u00e9gfejleszt\u0151 \u00e9s k\u00f6z\u00f6ss\u00e9gi csapat\u00e9p\u00edt\u0151 alkalmakat is k\u00edn\u00e1lunk. A szoci\u00e1lis munka m\u0171k\u00f6d\u00e9s\u00fcnk egyik alapvet\u0151 eleme, &hellip; <a href=\"https:\/\/utcaifoci.hu\/?page_id=3111\" class=\"more-link\">Continue reading <span class=\"screen-reader-text\">M\u00c1SODIK ES\u00c9LY SPORTEGYES\u00dcLET<\/span> <span class=\"meta-nav\">&rarr;<\/span><\/a><\/p>\n","protected":false},"author":1,"featured_media":0,"parent":0,"menu_order":0,"comment_status":"closed","ping_status":"closed","template":"","meta":{"footnotes":""},"class_list":["post-3111","page","type-page","status-publish","hentry"],"_links":{"self":[{"href":"https:\/\/utcaifoci.hu\/index.php?rest_route=\/wp\/v2\/pages\/3111","targetHints":{"allow":["GET"]}}],"collection":[{"href":"https:\/\/utcaifoci.hu\/index.php?rest_route=\/wp\/v2\/pages"}],"about":[{"href":"https:\/\/utcaifoci.hu\/index.php?rest_route=\/wp\/v2\/types\/page"}],"author":[{"embeddable":true,"href":"https:\/\/utcaifoci.hu\/index.php?rest_route=\/wp\/v2\/users\/1"}],"replies":[{"embeddable":true,"href":"https:\/\/utcaifoci.hu\/index.php?rest_route=%2Fwp%2Fv2%2Fcomments&post=3111"}],"version-history":[{"count":1,"href":"https:\/\/utcaifoci.hu\/index.php?rest_route=\/wp\/v2\/pages\/3111\/revisions"}],"predecessor-version":[{"id":3113,"href":"https:\/\/utcaifoci.hu\/index.php?rest_route=\/wp\/v2\/pages\/3111\/revisions\/3113"}],"wp:attachment":[{"href":"https:\/\/utcaifoci.hu\/index.php?rest_route=%2Fwp%2Fv2%2Fmedia&parent=3111"}],"curies":[{"name":"wp","href":"https:\/\/api.w.org\/{rel}","templated":true}]}}