{"id":3108,"date":"2026-04-17T11:36:44","date_gmt":"2026-04-17T09:36:44","guid":{"rendered":"https:\/\/utcaifoci.hu\/?page_id=3108"},"modified":"2026-04-17T11:36:45","modified_gmt":"2026-04-17T09:36:45","slug":"bemutatkozas-informaciok","status":"publish","type":"page","link":"https:\/\/utcaifoci.hu\/?page_id=3108","title":{"rendered":"BEMUTATKOZ\u00c1S, INFORM\u00c1CI\u00d3K"},"content":{"rendered":"\n<p><strong>Kedves Szomsz\u00e9dunk!<\/strong><\/p>\n\n\n\n<p>A J\u00f3zsef Attila-lak\u00f3telep sz\u00edv\u00e9ben, a Ny\u00faldombon egy olyan k\u00fcl\u00f6nleges projekt veszi kezdet\u00e9t, amely a fenntarthat\u00f3s\u00e1got, a sportot \u00e9s a t\u00e1rsadalmi felel\u0151ss\u00e9gv\u00e1llal\u00e1st \u00f6tv\u00f6zi. Szeretn\u00e9nk \u00d6n\u00f6ket t\u00e1j\u00e9koztatni a fejleszt\u00e9s r\u00e9szleteir\u0151l \u00e9s a projekt m\u00f6g\u00f6tt \u00e1ll\u00f3 nemzetk\u00f6zi csapatr\u00f3l.<\/p>\n\n\n\n<p><strong>Kik teszik lehet\u0151v\u00e9 a fejleszt\u00e9st?<\/strong><\/p>\n\n\n\n<p>A beruh\u00e1z\u00e1s egy egyed\u00fcl\u00e1ll\u00f3 nemzetk\u00f6zi \u00f6sszefog\u00e1s eredm\u00e9nye, amelynek egyik legfontosabb jellemz\u0151je, hogy nem ig\u00e9nyel k\u00f6zp\u00e9nzt:<\/p>\n\n\n\n<p><strong>Teljes finansz\u00edroz\u00e1s k\u00fclf\u00f6ldi forr\u00e1sb\u00f3l: <\/strong>A p\u00e1lya \u00e9p\u00edt\u00e9s\u00e9nek minden k\u00f6lts\u00e9g\u00e9t a k\u00fclf\u00f6ldi befektet\u0151k, a <strong>PepsiCo<\/strong> \u00e9s az <strong>UEFA Gyermekalap\u00edtv\u00e1ny<\/strong> \u00e1llj\u00e1k. Az \u00d6nkorm\u00e1nyzatnak egyetlen fill\u00e9rj\u00e9be sem ker\u00fcl a megval\u00f3s\u00edt\u00e1s.<\/p>\n\n\n\n<p><strong>Helyi tulajdon, k\u00f6z\u00f6ss\u00e9gi vagyon:<\/strong> Ez Magyarorsz\u00e1g els\u0151 olyan sportp\u00e1ly\u00e1ja, amely b\u00e1rki sz\u00e1m\u00e1ra ingyen el\u00e9rhet\u0151, m\u00e9gsem terheli az ad\u00f3fizet\u0151ket. Fontos garancia, hogy mind a ter\u00fclet, mind a fel\u00e9p\u00fclt p\u00e1lya az \u00f6sszes tartoz\u00e9k\u00e1val egy\u00fctt az \u00d6nkorm\u00e1nyzat tulajdona, \u00edgy a ker\u00fclet vagyon\u00e1t gyarap\u00edtja.<\/p>\n\n\n\n<p><strong>Szakmai ir\u00e1ny\u00edt\u00e1s: Common Goal<\/strong><strong><br><\/strong>A j\u00f3t\u00e9konys\u00e1gi programok\u00e9rt felel\u0151s glob\u00e1lis mozgalom egyes\u00edti a labdar\u00fag\u00e1s szerepl\u0151it, hogy az emberis\u00e9g \u00e9s a bolyg\u00f3nk j\u00f3l\u00e9te \u00e9rdek\u00e9ben egy\u00fcttm\u0171k\u00f6djenek. Hat\u00e9kony megold\u00e1sokat dolgoznak ki az emberis\u00e9g legnagyobb kih\u00edv\u00e1saira, lehet\u0151s\u00e9get adva mindenkinek a k\u00f6zrem\u0171k\u00f6d\u00e9sre.<strong>Helyi Partner: M\u00e1sodik Es\u00e9ly Sportegyes\u00fclet (MESE)<\/strong><strong><br><\/strong>Az Egyes\u00fclet felel a p\u00e1lya napi \u00fczemeltet\u00e9s\u00e9\u00e9rt, a tisztas\u00e1g\u00e9rt \u00e9s a szakmai programok\u00e9rt.<\/p>\n","protected":false},"excerpt":{"rendered":"<p>Kedves Szomsz\u00e9dunk! A J\u00f3zsef Attila-lak\u00f3telep sz\u00edv\u00e9ben, a Ny\u00faldombon egy olyan k\u00fcl\u00f6nleges projekt veszi kezdet\u00e9t, amely a fenntarthat\u00f3s\u00e1got, a sportot \u00e9s a t\u00e1rsadalmi felel\u0151ss\u00e9gv\u00e1llal\u00e1st \u00f6tv\u00f6zi. Szeretn\u00e9nk \u00d6n\u00f6ket t\u00e1j\u00e9koztatni a fejleszt\u00e9s r\u00e9szleteir\u0151l \u00e9s a projekt m\u00f6g\u00f6tt \u00e1ll\u00f3 nemzetk\u00f6zi csapatr\u00f3l. Kik teszik lehet\u0151v\u00e9 a fejleszt\u00e9st? A beruh\u00e1z\u00e1s egy egyed\u00fcl\u00e1ll\u00f3 nemzetk\u00f6zi \u00f6sszefog\u00e1s eredm\u00e9nye, amelynek egyik legfontosabb jellemz\u0151je, hogy nem &hellip; <a href=\"https:\/\/utcaifoci.hu\/?page_id=3108\" class=\"more-link\">Continue reading <span class=\"screen-reader-text\">BEMUTATKOZ\u00c1S, INFORM\u00c1CI\u00d3K<\/span> <span class=\"meta-nav\">&rarr;<\/span><\/a><\/p>\n","protected":false},"author":1,"featured_media":0,"parent":0,"menu_order":0,"comment_status":"closed","ping_status":"closed","template":"","meta":{"footnotes":""},"class_list":["post-3108","page","type-page","status-publish","hentry"],"_links":{"self":[{"href":"https:\/\/utcaifoci.hu\/index.php?rest_route=\/wp\/v2\/pages\/3108","targetHints":{"allow":["GET"]}}],"collection":[{"href":"https:\/\/utcaifoci.hu\/index.php?rest_route=\/wp\/v2\/pages"}],"about":[{"href":"https:\/\/utcaifoci.hu\/index.php?rest_route=\/wp\/v2\/types\/page"}],"author":[{"embeddable":true,"href":"https:\/\/utcaifoci.hu\/index.php?rest_route=\/wp\/v2\/users\/1"}],"replies":[{"embeddable":true,"href":"https:\/\/utcaifoci.hu\/index.php?rest_route=%2Fwp%2Fv2%2Fcomments&post=3108"}],"version-history":[{"count":1,"href":"https:\/\/utcaifoci.hu\/index.php?rest_route=\/wp\/v2\/pages\/3108\/revisions"}],"predecessor-version":[{"id":3110,"href":"https:\/\/utcaifoci.hu\/index.php?rest_route=\/wp\/v2\/pages\/3108\/revisions\/3110"}],"wp:attachment":[{"href":"https:\/\/utcaifoci.hu\/index.php?rest_route=%2Fwp%2Fv2%2Fmedia&parent=3108"}],"curies":[{"name":"wp","href":"https:\/\/api.w.org\/{rel}","templated":true}]}}