{"id":3101,"date":"2026-04-17T10:16:01","date_gmt":"2026-04-17T08:16:01","guid":{"rendered":"https:\/\/utcaifoci.hu\/?page_id=3101"},"modified":"2026-04-17T10:16:02","modified_gmt":"2026-04-17T08:16:02","slug":"nyuldomb","status":"publish","type":"page","link":"https:\/\/utcaifoci.hu\/?page_id=3101","title":{"rendered":"Ny\u00faldomb"},"content":{"rendered":"\n<p><strong>Vil\u00e1gsz\u00ednvonal\u00fa k\u00f6z\u00f6ss\u00e9gi \u00f6sszefog\u00e1s a 9. ker\u00fcletben: \u00c9rkezik a Ny\u00faldomb Budapest Lay\u2019s RePlay p\u00e1lya!<\/strong><\/p>\n\n\n\n<figure class=\"wp-block-image size-large\"><a href=\"https:\/\/utcaifoci.hu\/wp-content\/uploads\/2026\/04\/palya.jpg\"><img loading=\"lazy\" decoding=\"async\" width=\"1024\" height=\"576\" src=\"https:\/\/utcaifoci.hu\/wp-content\/uploads\/2026\/04\/palya-1024x576.jpg\" alt=\"\" class=\"wp-image-3102\" srcset=\"https:\/\/utcaifoci.hu\/wp-content\/uploads\/2026\/04\/palya-1024x576.jpg 1024w, https:\/\/utcaifoci.hu\/wp-content\/uploads\/2026\/04\/palya-300x169.jpg 300w, https:\/\/utcaifoci.hu\/wp-content\/uploads\/2026\/04\/palya-768x432.jpg 768w, https:\/\/utcaifoci.hu\/wp-content\/uploads\/2026\/04\/palya-1536x864.jpg 1536w, https:\/\/utcaifoci.hu\/wp-content\/uploads\/2026\/04\/palya-700x394.jpg 700w, https:\/\/utcaifoci.hu\/wp-content\/uploads\/2026\/04\/palya-711x400.jpg 711w, https:\/\/utcaifoci.hu\/wp-content\/uploads\/2026\/04\/palya.jpg 1920w\" sizes=\"auto, (max-width: 1024px) 100vw, 1024px\" \/><\/a><\/figure>\n","protected":false},"excerpt":{"rendered":"<p>Vil\u00e1gsz\u00ednvonal\u00fa k\u00f6z\u00f6ss\u00e9gi \u00f6sszefog\u00e1s a 9. ker\u00fcletben: \u00c9rkezik a Ny\u00faldomb Budapest Lay\u2019s RePlay p\u00e1lya!<\/p>\n","protected":false},"author":1,"featured_media":0,"parent":0,"menu_order":0,"comment_status":"closed","ping_status":"closed","template":"","meta":{"footnotes":""},"class_list":["post-3101","page","type-page","status-publish","hentry"],"_links":{"self":[{"href":"https:\/\/utcaifoci.hu\/index.php?rest_route=\/wp\/v2\/pages\/3101","targetHints":{"allow":["GET"]}}],"collection":[{"href":"https:\/\/utcaifoci.hu\/index.php?rest_route=\/wp\/v2\/pages"}],"about":[{"href":"https:\/\/utcaifoci.hu\/index.php?rest_route=\/wp\/v2\/types\/page"}],"author":[{"embeddable":true,"href":"https:\/\/utcaifoci.hu\/index.php?rest_route=\/wp\/v2\/users\/1"}],"replies":[{"embeddable":true,"href":"https:\/\/utcaifoci.hu\/index.php?rest_route=%2Fwp%2Fv2%2Fcomments&post=3101"}],"version-history":[{"count":1,"href":"https:\/\/utcaifoci.hu\/index.php?rest_route=\/wp\/v2\/pages\/3101\/revisions"}],"predecessor-version":[{"id":3104,"href":"https:\/\/utcaifoci.hu\/index.php?rest_route=\/wp\/v2\/pages\/3101\/revisions\/3104"}],"wp:attachment":[{"href":"https:\/\/utcaifoci.hu\/index.php?rest_route=%2Fwp%2Fv2%2Fmedia&parent=3101"}],"curies":[{"name":"wp","href":"https:\/\/api.w.org\/{rel}","templated":true}]}}