{"id":3074,"date":"2026-03-31T12:40:49","date_gmt":"2026-03-31T10:40:49","guid":{"rendered":"https:\/\/utcaifoci.hu\/?page_id=3074"},"modified":"2026-03-31T12:54:09","modified_gmt":"2026-03-31T10:54:09","slug":"supportive-bank-card-program-magnet-bank","status":"publish","type":"page","link":"https:\/\/utcaifoci.hu\/?page_id=3074","title":{"rendered":"Supportive Bank Card Program-MagNet Bank"},"content":{"rendered":"\n<h3 class=\"wp-block-heading\"><strong>Support us with your card purchases!<\/strong><\/h3>\n\n\n\n<h5 class=\"wp-block-heading\">Our association is a proud partner of MagNet Bank\u2019s <strong>Supportive Bank Card<\/strong> Program. This community initiative allows the Bank to donate to us from its own revenue after your bank card purchases. It doesn\u2019t cost you a single forint.<\/h5>\n\n\n\n<h3 class=\"wp-block-heading\"><strong>How can you support us?<\/strong>&nbsp;&nbsp;<\/h3>\n\n\n\n<h5 class=\"wp-block-heading\">If you bank with MagNet Bank, simply select our organization \u2014 <em>M\u00e1sodik Es\u00e9ly Sportegyes\u00fclet<\/em> \u2014 in the <strong>Supportive Bank Card<\/strong> Program list via NetBank or the mobile app. After that, the Bank will automatically support us after every card purchase you make.<\/h5>\n\n\n\n<p class=\"has-text-align-center\"><a href=\"http:\/\/www.magnetbank.hu\"><img loading=\"lazy\" decoding=\"async\" width=\"150\" height=\"102\" class=\"wp-image-2882\" style=\"width: 150px;\" src=\"http:\/\/utcaifoci.hu\/wp-content\/uploads\/2026\/02\/image-5.png\" alt=\"\"><\/a><\/p>\n\n\n\n<h3 class=\"wp-block-heading\">More information about the program: <a href=\"http:\/\/www.magnetbank.hu\">www.magnetbank.hu<\/a><\/h3>\n\n\n\n<p>Set up your support here: <a href=\"https:\/\/www.magnetbank.hu\/programok\/egyeni-adomanyozasi-program-_eap_?_gl=1*1fdsc1g*_up*MQ..*_gs*MQ..&amp;gclid=CjwKCAiAncvMBhBEEiwA9GU_fsYuXviM54ksMZzRsXi4gGZ-6wZVP9A9re-hrbMhcGtz3XQE9o1kpRoCfnwQAvD_BwE&amp;gbraid=0AAAAADlGAEd0Ql8COUkMI0uK4Qh90FeRR\">Step by step<\/a><\/p>\n","protected":false},"excerpt":{"rendered":"<p>Support us with your card purchases! Our association is a proud partner of MagNet Bank\u2019s Supportive Bank Card Program. This community initiative allows the Bank to donate to us from its own revenue after your bank card purchases. It doesn\u2019t cost you a single forint. How can you support us?&nbsp;&nbsp; If you bank with MagNet &hellip; <a href=\"https:\/\/utcaifoci.hu\/?page_id=3074\" class=\"more-link\">Continue reading <span class=\"screen-reader-text\">Supportive Bank Card Program-MagNet Bank<\/span> <span class=\"meta-nav\">&rarr;<\/span><\/a><\/p>\n","protected":false},"author":1,"featured_media":0,"parent":0,"menu_order":0,"comment_status":"closed","ping_status":"closed","template":"","meta":{"footnotes":""},"class_list":["post-3074","page","type-page","status-publish","hentry"],"_links":{"self":[{"href":"https:\/\/utcaifoci.hu\/index.php?rest_route=\/wp\/v2\/pages\/3074","targetHints":{"allow":["GET"]}}],"collection":[{"href":"https:\/\/utcaifoci.hu\/index.php?rest_route=\/wp\/v2\/pages"}],"about":[{"href":"https:\/\/utcaifoci.hu\/index.php?rest_route=\/wp\/v2\/types\/page"}],"author":[{"embeddable":true,"href":"https:\/\/utcaifoci.hu\/index.php?rest_route=\/wp\/v2\/users\/1"}],"replies":[{"embeddable":true,"href":"https:\/\/utcaifoci.hu\/index.php?rest_route=%2Fwp%2Fv2%2Fcomments&post=3074"}],"version-history":[{"count":2,"href":"https:\/\/utcaifoci.hu\/index.php?rest_route=\/wp\/v2\/pages\/3074\/revisions"}],"predecessor-version":[{"id":3080,"href":"https:\/\/utcaifoci.hu\/index.php?rest_route=\/wp\/v2\/pages\/3074\/revisions\/3080"}],"wp:attachment":[{"href":"https:\/\/utcaifoci.hu\/index.php?rest_route=%2Fwp%2Fv2%2Fmedia&parent=3074"}],"curies":[{"name":"wp","href":"https:\/\/api.w.org\/{rel}","templated":true}]}}