{"id":3052,"date":"2026-03-24T14:36:01","date_gmt":"2026-03-24T12:36:01","guid":{"rendered":"https:\/\/utcaifoci.hu\/?page_id=3052"},"modified":"2026-03-31T12:47:23","modified_gmt":"2026-03-31T10:47:23","slug":"1-3","status":"publish","type":"page","link":"https:\/\/utcaifoci.hu\/?page_id=3052","title":{"rendered":"1%"},"content":{"rendered":"\n<figure class=\"wp-block-embed is-type-video is-provider-youtube wp-block-embed-youtube wp-embed-aspect-16-9 wp-has-aspect-ratio\"><div class=\"wp-block-embed__wrapper\">\n<iframe loading=\"lazy\" title=\"Hogy mire k\u00f6ltj\u00fck az ad\u00f3 1%-ot?\" width=\"700\" height=\"394\" src=\"https:\/\/www.youtube.com\/embed\/u6xrcTNEq1w?feature=oembed\" frameborder=\"0\" allow=\"accelerometer; autoplay; clipboard-write; encrypted-media; gyroscope; picture-in-picture; web-share\" referrerpolicy=\"strict-origin-when-cross-origin\" allowfullscreen><\/iframe>\n<\/div><\/figure>\n\n\n\n<p><\/p>\n\n\n\n<p><strong>What fits into 1% that costs you 0 forints?<br><\/strong>We believe an entire world. If you allocate 1% of your income tax to MESE2.0, it won\u2019t cost you a single penny, but for us it can truly change lives.<br><strong>See what your contribution becomes:<\/strong><br><strong>-Equipment<\/strong>: turf shoes, jerseys for those receiving their very first sports gear.<br><strong>-Girls\u2019 football<\/strong>: opportunity and confidence for girls living in child protection.<br><strong>-Operations<\/strong>: a few hours of safe, liberating play and mentoring at the pitch, six days a week.<br><strong>-Travel<\/strong>: getting to international tournaments where we represent our country.<br><strong>Don\u2019t leave it with the state \u2014 pass it to us! We\u2019ll turn it into a goal.<\/strong><br><strong>Our tax number: 18189247-1-42<\/strong><br><strong>How can you help?<\/strong><br>Allocate 1% of your income tax by May 20.<\/p>\n","protected":false},"excerpt":{"rendered":"<p>What fits into 1% that costs you 0 forints?We believe an entire world. If you allocate 1% of your income tax to MESE2.0, it won\u2019t cost you a single penny, but for us it can truly change lives.See what your contribution becomes:-Equipment: turf shoes, jerseys for those receiving their very first sports gear.-Girls\u2019 football: opportunity &hellip; <a href=\"https:\/\/utcaifoci.hu\/?page_id=3052\" class=\"more-link\">Continue reading <span class=\"screen-reader-text\">1%<\/span> <span class=\"meta-nav\">&rarr;<\/span><\/a><\/p>\n","protected":false},"author":1,"featured_media":0,"parent":0,"menu_order":0,"comment_status":"closed","ping_status":"closed","template":"","meta":{"footnotes":""},"class_list":["post-3052","page","type-page","status-publish","hentry"],"_links":{"self":[{"href":"https:\/\/utcaifoci.hu\/index.php?rest_route=\/wp\/v2\/pages\/3052","targetHints":{"allow":["GET"]}}],"collection":[{"href":"https:\/\/utcaifoci.hu\/index.php?rest_route=\/wp\/v2\/pages"}],"about":[{"href":"https:\/\/utcaifoci.hu\/index.php?rest_route=\/wp\/v2\/types\/page"}],"author":[{"embeddable":true,"href":"https:\/\/utcaifoci.hu\/index.php?rest_route=\/wp\/v2\/users\/1"}],"replies":[{"embeddable":true,"href":"https:\/\/utcaifoci.hu\/index.php?rest_route=%2Fwp%2Fv2%2Fcomments&post=3052"}],"version-history":[{"count":2,"href":"https:\/\/utcaifoci.hu\/index.php?rest_route=\/wp\/v2\/pages\/3052\/revisions"}],"predecessor-version":[{"id":3079,"href":"https:\/\/utcaifoci.hu\/index.php?rest_route=\/wp\/v2\/pages\/3052\/revisions\/3079"}],"wp:attachment":[{"href":"https:\/\/utcaifoci.hu\/index.php?rest_route=%2Fwp%2Fv2%2Fmedia&parent=3052"}],"curies":[{"name":"wp","href":"https:\/\/api.w.org\/{rel}","templated":true}]}}