{"id":2952,"date":"2026-02-23T17:13:14","date_gmt":"2026-02-23T15:13:14","guid":{"rendered":"https:\/\/utcaifoci.hu\/?page_id=2952"},"modified":"2026-03-11T11:34:10","modified_gmt":"2026-03-11T09:34:10","slug":"1-2","status":"publish","type":"page","link":"https:\/\/utcaifoci.hu\/?page_id=2952","title":{"rendered":"1%"},"content":{"rendered":"\n<figure class=\"wp-block-embed is-type-video is-provider-youtube wp-block-embed-youtube wp-embed-aspect-16-9 wp-has-aspect-ratio\"><div class=\"wp-block-embed__wrapper\">\n<iframe loading=\"lazy\" title=\"Hogy mire k\u00f6ltj\u00fck az ad\u00f3 1%-ot?\" width=\"700\" height=\"394\" src=\"https:\/\/www.youtube.com\/embed\/u6xrcTNEq1w?feature=oembed\" frameborder=\"0\" allow=\"accelerometer; autoplay; clipboard-write; encrypted-media; gyroscope; picture-in-picture; web-share\" referrerpolicy=\"strict-origin-when-cross-origin\" allowfullscreen><\/iframe>\n<\/div><\/figure>\n\n\n\n<p><\/p>\n\n\n\n<p><strong>Mi f\u00e9r bele 1 %-ba, ami neked 0 forint?<\/strong><br>Szerint\u00fcnk egy eg\u00e9sz vil\u00e1g. Ha az ad\u00f3d 1%-\u00e1r\u00f3l rendelkezel a MESE2.0 jav\u00e1ra, az neked egy fill\u00e9redbe sem ker\u00fcl, de n\u00e1lunk val\u00f3di sorsokat ford\u00edt meg.<br><strong>N\u00e9zd meg, mi lesz a felaj\u00e1nl\u00e1sodb\u00f3l:<\/strong><br><strong>Felszerel\u00e9s<\/strong>: m\u0171f\u00fcves cip\u0151, mez azoknak, akiknek ez az els\u0151 saj\u00e1t sporteszk\u00f6z\u00fck.<br><strong>L\u00e1nyfoci<\/strong>: es\u00e9ly \u00e9s \u00f6nbizalom a gyermekv\u00e9delemben \u00e9l\u0151 l\u00e1nyoknak.<br><strong>M\u0171k\u00f6d\u00e9s<\/strong>: heti 6 napon \u00e1t n\u00e9h\u00e1ny \u00f3ra felszabadult biztons\u00e1gos j\u00e1t\u00e9k \u00e9s mentor\u00e1l\u00e1s a p\u00e1lya sz\u00e9l\u00e9n.<br><strong>Utaz\u00e1s<\/strong>: kijut\u00e1s a nemzetk\u00f6zi bajnoks\u00e1gokra, ahol a haz\u00e1nkat k\u00e9pviselj\u00fck.<br>Ne hagyd bent az \u00e1llamn\u00e1l, passzold nek\u00fcnk! G\u00f3lra v\u00e1ltjuk.<br><strong>Ad\u00f3sz\u00e1munk: 18189247-1-42<\/strong><br>Hogyan seg\u00edthetsz?<br>Rendelkezz az ad\u00f3d 1%-\u00e1r\u00f3l m\u00e1jus 20-ig.<\/p>\n","protected":false},"excerpt":{"rendered":"<p>Mi f\u00e9r bele 1 %-ba, ami neked 0 forint?Szerint\u00fcnk egy eg\u00e9sz vil\u00e1g. Ha az ad\u00f3d 1%-\u00e1r\u00f3l rendelkezel a MESE2.0 jav\u00e1ra, az neked egy fill\u00e9redbe sem ker\u00fcl, de n\u00e1lunk val\u00f3di sorsokat ford\u00edt meg.N\u00e9zd meg, mi lesz a felaj\u00e1nl\u00e1sodb\u00f3l:Felszerel\u00e9s: m\u0171f\u00fcves cip\u0151, mez azoknak, akiknek ez az els\u0151 saj\u00e1t sporteszk\u00f6z\u00fck.L\u00e1nyfoci: es\u00e9ly \u00e9s \u00f6nbizalom a gyermekv\u00e9delemben \u00e9l\u0151 l\u00e1nyoknak.M\u0171k\u00f6d\u00e9s: heti &hellip; <a href=\"https:\/\/utcaifoci.hu\/?page_id=2952\" class=\"more-link\">Continue reading <span class=\"screen-reader-text\">1%<\/span> <span class=\"meta-nav\">&rarr;<\/span><\/a><\/p>\n","protected":false},"author":1,"featured_media":0,"parent":0,"menu_order":0,"comment_status":"closed","ping_status":"closed","template":"","meta":{"footnotes":""},"class_list":["post-2952","page","type-page","status-publish","hentry"],"_links":{"self":[{"href":"https:\/\/utcaifoci.hu\/index.php?rest_route=\/wp\/v2\/pages\/2952","targetHints":{"allow":["GET"]}}],"collection":[{"href":"https:\/\/utcaifoci.hu\/index.php?rest_route=\/wp\/v2\/pages"}],"about":[{"href":"https:\/\/utcaifoci.hu\/index.php?rest_route=\/wp\/v2\/types\/page"}],"author":[{"embeddable":true,"href":"https:\/\/utcaifoci.hu\/index.php?rest_route=\/wp\/v2\/users\/1"}],"replies":[{"embeddable":true,"href":"https:\/\/utcaifoci.hu\/index.php?rest_route=%2Fwp%2Fv2%2Fcomments&post=2952"}],"version-history":[{"count":5,"href":"https:\/\/utcaifoci.hu\/index.php?rest_route=\/wp\/v2\/pages\/2952\/revisions"}],"predecessor-version":[{"id":3012,"href":"https:\/\/utcaifoci.hu\/index.php?rest_route=\/wp\/v2\/pages\/2952\/revisions\/3012"}],"wp:attachment":[{"href":"https:\/\/utcaifoci.hu\/index.php?rest_route=%2Fwp%2Fv2%2Fmedia&parent=2952"}],"curies":[{"name":"wp","href":"https:\/\/api.w.org\/{rel}","templated":true}]}}