{"id":1570,"date":"2018-01-18T14:18:54","date_gmt":"2018-01-18T12:18:54","guid":{"rendered":"http:\/\/utcaifoci.hu\/?page_id=1570"},"modified":"2025-07-15T11:36:24","modified_gmt":"2025-07-15T09:36:24","slug":"tudastar","status":"publish","type":"page","link":"https:\/\/utcaifoci.hu\/?page_id=1570","title":{"rendered":"Tud\u00e1st\u00e1r"},"content":{"rendered":"<p><a href=\"http:\/\/utcaifoci.hu\/wp-content\/uploads\/2018\/01\/Utcaifoci-k\u00e9zik\u00f6nyv-edz\u0151k-sz\u00e1m\u00e1ra.pdf\" target=\"_blank\" rel=\"noopener noreferrer\">Utcaifoci k\u00e9zik\u00f6nyv edz\u0151k sz\u00e1m\u00e1ra<\/a><\/p>\n<p><a href=\"http:\/\/utcaifoci.hu\/wp-content\/uploads\/2018\/01\/A-Welcome-to-the-Pitch-projekt-hat\u00e1stanulm\u00e1nya.pdf\" target=\"_blank\" rel=\"noopener noreferrer\">A Welcome to the Pitch! projekt hat\u00e1stanulm\u00e1nya<\/a><\/p>\n<p><a href=\"http:\/\/utcaifoci.hu\/wp-content\/uploads\/2018\/01\/Team-Up-fot-Neets-Toolkit.pdf\" target=\"_blank\" rel=\"noopener noreferrer\">Team Up fot Neets Toolkit<\/a><\/p>\n<p><a href=\"http:\/\/utcaifoci.hu\/wp-content\/uploads\/2018\/01\/HEPA_HU_web.pdf\" target=\"_blank\" rel=\"noopener noreferrer\">T\u00e1rsadalmi integr\u00e1ci\u00f3 a sport seg\u00edts\u00e9g\u00e9vel- K\u00e9zik\u00f6nyv szakemberek sz\u00e1m\u00e1ra, 2. \u00e1tdolgozott, b\u0151v\u00edtett kiad\u00e1s<\/a><\/p>\n<p><a href=\"http:\/\/utcaifoci.hu\/wp-content\/uploads\/2018\/01\/HEPA_EN_web.pdf\" target=\"_blank\" rel=\"noopener noreferrer\">Social Integration through sport- Handbook Manual for Professionals, 2nd revised and extended edition<\/a><\/p>\n<p><a href=\"https:\/\/6acfa966-ac30-414b-a089-414885f68b74.usrfiles.com\/ugd\/6acfa9_9b76b007c31e4187aea49c907cfeb8e5.pdf\" target=\"_blank\" rel=\"noopener noreferrer\">SK4YS projekt k\u00e9zik\u00f6nyv<\/a><\/p>\n<p><a href=\"https:\/\/football3.nimbl.uk\/fb3\/login\/?next=dashboard%2Fmylibrary%2F\" target=\"_blank\" rel=\"noopener noreferrer\">football3 mobil kurzus<\/a><\/p>\n<p><a href=\"http:\/\/utcaifoci.hu\/wp-content\/uploads\/2022\/12\/Dialect-Modszertani-Kezikonyv-HU.docx\">Dialect m\u00f3dszertani k\u00e9zik\u00f6nyv<\/a><\/p>\n<p><a href=\"http:\/\/utcaifoci.hu\/wp-content\/uploads\/2025\/07\/NNS-IO1.pdf\">Neets Need Sport<\/a><\/p>\n\n\n<p><\/p>\n","protected":false},"excerpt":{"rendered":"<p>Utcaifoci k\u00e9zik\u00f6nyv edz\u0151k sz\u00e1m\u00e1ra A Welcome to the Pitch! projekt hat\u00e1stanulm\u00e1nya Team Up fot Neets Toolkit T\u00e1rsadalmi integr\u00e1ci\u00f3 a sport seg\u00edts\u00e9g\u00e9vel- K\u00e9zik\u00f6nyv szakemberek sz\u00e1m\u00e1ra, 2. \u00e1tdolgozott, b\u0151v\u00edtett kiad\u00e1s Social Integration through sport- Handbook Manual for Professionals, 2nd revised and extended edition SK4YS projekt k\u00e9zik\u00f6nyv football3 mobil kurzus Dialect m\u00f3dszertani k\u00e9zik\u00f6nyv Neets Need Sport<\/p>\n","protected":false},"author":1,"featured_media":0,"parent":0,"menu_order":0,"comment_status":"closed","ping_status":"closed","template":"","meta":{"footnotes":""},"class_list":["post-1570","page","type-page","status-publish","hentry"],"_links":{"self":[{"href":"https:\/\/utcaifoci.hu\/index.php?rest_route=\/wp\/v2\/pages\/1570","targetHints":{"allow":["GET"]}}],"collection":[{"href":"https:\/\/utcaifoci.hu\/index.php?rest_route=\/wp\/v2\/pages"}],"about":[{"href":"https:\/\/utcaifoci.hu\/index.php?rest_route=\/wp\/v2\/types\/page"}],"author":[{"embeddable":true,"href":"https:\/\/utcaifoci.hu\/index.php?rest_route=\/wp\/v2\/users\/1"}],"replies":[{"embeddable":true,"href":"https:\/\/utcaifoci.hu\/index.php?rest_route=%2Fwp%2Fv2%2Fcomments&post=1570"}],"version-history":[{"count":9,"href":"https:\/\/utcaifoci.hu\/index.php?rest_route=\/wp\/v2\/pages\/1570\/revisions"}],"predecessor-version":[{"id":2427,"href":"https:\/\/utcaifoci.hu\/index.php?rest_route=\/wp\/v2\/pages\/1570\/revisions\/2427"}],"wp:attachment":[{"href":"https:\/\/utcaifoci.hu\/index.php?rest_route=%2Fwp%2Fv2%2Fmedia&parent=1570"}],"curies":[{"name":"wp","href":"https:\/\/api.w.org\/{rel}","templated":true}]}}