{"id":1272,"date":"2017-08-01T10:32:50","date_gmt":"2017-08-01T08:32:50","guid":{"rendered":"http:\/\/utcaifoci.hu\/?page_id=1272"},"modified":"2026-03-09T12:53:10","modified_gmt":"2026-03-09T10:53:10","slug":"aktualis-projektek","status":"publish","type":"page","link":"https:\/\/utcaifoci.hu\/?page_id=1272","title":{"rendered":"Aktu\u00e1lis projektek"},"content":{"rendered":"<div class=\"wp-block-image\">\n<figure class=\"aligncenter size-full\"><a href=\"https:\/\/utcaifoci.hu\/wp-content\/uploads\/2025\/10\/kep.png\"><img loading=\"lazy\" decoding=\"async\" width=\"804\" height=\"175\" src=\"https:\/\/utcaifoci.hu\/wp-content\/uploads\/2025\/10\/kep.png\" alt=\"\" class=\"wp-image-2726\" srcset=\"https:\/\/utcaifoci.hu\/wp-content\/uploads\/2025\/10\/kep.png 804w, https:\/\/utcaifoci.hu\/wp-content\/uploads\/2025\/10\/kep-300x65.png 300w, https:\/\/utcaifoci.hu\/wp-content\/uploads\/2025\/10\/kep-768x167.png 768w, https:\/\/utcaifoci.hu\/wp-content\/uploads\/2025\/10\/kep-700x152.png 700w\" sizes=\"auto, (max-width: 804px) 100vw, 804px\" \/><\/a><\/figure>\n<\/div>\n\n\n<div class=\"wp-block-group alignwide is-layout-grid wp-container-core-group-is-layout-9649a0d9 wp-block-group-is-layout-grid\">\n<p class=\"has-text-align-center has-small-font-size wp-container-content-69bc4bdf\"><strong>DIALECT 5<\/strong><br>2026.01.01.-2028.12.31.<a href=\"http:\/\/www.dialectproject.eu\" data-type=\"link\" data-id=\"www.dialectproject.eu\"><img loading=\"lazy\" decoding=\"async\" width=\"150\" height=\"83\" class=\"wp-image-2406\" style=\"width: 150px;\" src=\"http:\/\/utcaifoci.hu\/wp-content\/uploads\/2025\/07\/DialectLogo.jpg\" alt=\"\" srcset=\"https:\/\/utcaifoci.hu\/wp-content\/uploads\/2025\/07\/DialectLogo.jpg 746w, https:\/\/utcaifoci.hu\/wp-content\/uploads\/2025\/07\/DialectLogo-300x166.jpg 300w, https:\/\/utcaifoci.hu\/wp-content\/uploads\/2025\/07\/DialectLogo-700x387.jpg 700w, https:\/\/utcaifoci.hu\/wp-content\/uploads\/2025\/07\/DialectLogo-724x400.jpg 724w\" sizes=\"auto, (max-width: 150px) 100vw, 150px\" \/><\/a><br>A DIALECT 5 c\u00e9lja a sztereot\u00edpi\u00e1k kezel\u00e9se \u00e9s a tanul\u00f3k aktiviz\u00e1l\u00e1sa befogad\u00f3, toler\u00e1ns \u00e1ltal\u00e1nos iskol\u00e1k \u00e9p\u00edt\u00e9se a testnevel\u00e9sen kereszt\u00fcl. A projekt a DIALECT m\u00f3dszertant a testnevel\u00e9si tantervekhez \u00e9s szabadid\u0151s programokhoz igaz\u00edtja, fejlesztve a kritikai gondolkod\u00e1st, az emp\u00e1ti\u00e1t \u00e9s a t\u00e1rsadalmi koh\u00e9zi\u00f3t. Vegyes nem\u0171, multikultur\u00e1lis csapatmunk\u00e1t \u00e9s egyenl\u0151s\u00e9get t\u00e1mogat, \u00edgy biztons\u00e1gos, diszkrimin\u00e1ci\u00f3mentes iskol\u00e1kat er\u0151s\u00edt a 4 partnerorsz\u00e1gban.<\/p>\n\n\n\n<p class=\"has-text-align-center has-small-font-size wp-container-content-69bc4bdf\"><strong>Move Forward<\/strong><br>2026.01.01. \u2013 2026.12.31.<br><img loading=\"lazy\" decoding=\"async\" width=\"150\" height=\"98\" class=\"wp-image-2836\" style=\"width: 150px;\" src=\"http:\/\/utcaifoci.hu\/wp-content\/uploads\/2026\/01\/uefaf.png\" alt=\"\" srcset=\"https:\/\/utcaifoci.hu\/wp-content\/uploads\/2026\/01\/uefaf.png 805w, https:\/\/utcaifoci.hu\/wp-content\/uploads\/2026\/01\/uefaf-300x197.png 300w, https:\/\/utcaifoci.hu\/wp-content\/uploads\/2026\/01\/uefaf-768x504.png 768w, https:\/\/utcaifoci.hu\/wp-content\/uploads\/2026\/01\/uefaf-700x459.png 700w, https:\/\/utcaifoci.hu\/wp-content\/uploads\/2026\/01\/uefaf-610x400.png 610w\" sizes=\"auto, (max-width: 150px) 100vw, 150px\" \/><br>Az UEFA Foundation for children t\u00e1mogat\u00e1sa hetedik alkalommal biztos\u00edtja, hogy egyes\u00fclet\u00fcnk folytathassa t\u00f6bb \u00e9vtizedes integr\u00e1ci\u00f3s \u00e9s k\u00e9szs\u00e9gfejleszt\u0151 munk\u00e1j\u00e1t. A projekt keret\u00e9ben rendszeres edz\u00e9seket, Fair Play Roadshow-kat, ny\u00e1ri t\u00e1bort szervez\u00fcnk \u00e9s nemzetk\u00f6zi bajnoks\u00e1gokon vesz\u00fcnk r\u00e9szt. Valamint folyamatos szoci\u00e1lis munk\u00e1val \u00e9s t\u00e1mogat\u00f3 programokkal seg\u00edtj\u00fck r\u00e9sztvev\u0151inket a munkaer\u0151piacon \u00e9s az oktat\u00e1sban val\u00f3 eligazod\u00e1sban, mik\u00f6zben olyan \u00e9rt\u00e9keket er\u0151s\u00edt\u00fcnk, mint az egyenl\u0151s\u00e9g \u00e9s befogad\u00e1s.<\/p>\n\n\n\n<p class=\"has-text-align-center has-small-font-size wp-container-content-69bc4bdf\"><strong>Unity in Motion<br><\/strong>2025.10.h\u00f3 &#8211; 2027.04 h\u00f3<br><img loading=\"lazy\" decoding=\"async\" width=\"150\" height=\"80\" class=\"wp-image-2982\" style=\"width: 150px;\" src=\"http:\/\/utcaifoci.hu\/wp-content\/uploads\/2026\/03\/xUnityinMotionLogo.jpeg\" alt=\"\" srcset=\"https:\/\/utcaifoci.hu\/wp-content\/uploads\/2026\/03\/xUnityinMotionLogo.jpeg 1024w, https:\/\/utcaifoci.hu\/wp-content\/uploads\/2026\/03\/xUnityinMotionLogo-300x160.jpeg 300w, https:\/\/utcaifoci.hu\/wp-content\/uploads\/2026\/03\/xUnityinMotionLogo-768x409.jpeg 768w, https:\/\/utcaifoci.hu\/wp-content\/uploads\/2026\/03\/xUnityinMotionLogo-700x373.jpeg 700w, https:\/\/utcaifoci.hu\/wp-content\/uploads\/2026\/03\/xUnityinMotionLogo-752x400.jpeg 752w\" sizes=\"auto, (max-width: 150px) 100vw, 150px\" \/><br>A projekt 11 uni\u00f3s orsz\u00e1g egy\u00fcttm\u0171k\u00f6d\u00e9s\u00e9vel val\u00f3sul meg a t\u00e1rsadalmi befogad\u00e1s el\u0151seg\u00edt\u00e9se \u00e9rdek\u00e9ben, kiemelt figyelmet ford\u00edtva a marginaliz\u00e1lt csoportokra \u00e9s a 15-29 \u00e9ves fiatalokra. Struktur\u00e1lt sportk\u00e9pz\u00e9sek \u00e9s vezet\u0151i k\u00e9szs\u00e9gfejleszt\u00e9s r\u00e9v\u00e9n seg\u00edtj\u00fck a r\u00e9sztvev\u0151k k\u00f6z\u00f6ss\u00e9gi beilleszked\u00e9s\u00e9t \u00e9s alapvet\u0151 \u00e9letk\u00e9szs\u00e9geik fejl\u0151d\u00e9s\u00e9t. A program keret\u00e9ben oktat\u00e1si tev\u00e9kenys\u00e9gek \u00e9s egy nagyszab\u00e1s\u00fa nemzetk\u00f6zi sportesem\u00e9ny is megval\u00f3sul a j\u00f3l\u00e9t jav\u00edt\u00e1sa \u00e9rdek\u00e9ben.nevezett csoportok 15-29 \u00e9ves fiatal k\u00e9pvisel\u0151i.\u00a0A projekttev\u00e9kenys\u00e9gek k\u00f6z\u00f6tt oktat\u00e1s, fejleszt\u00e9s, \u00e9s egy nagyszab\u00e1s\u00fa sportesem\u00e9ny is szerepel.\u00a0<\/p>\n\n\n\n<p class=\"has-text-align-center has-small-font-size\"><strong>INSPIRE<br><\/strong>2025.10.01-2027.03.31<br><br><img loading=\"lazy\" decoding=\"async\" width=\"150\" height=\"72\" class=\"wp-image-2817\" style=\"width: 150px;\" src=\"http:\/\/utcaifoci.hu\/wp-content\/uploads\/2025\/12\/Logo-Inspire-scaled.png\" alt=\"\" srcset=\"https:\/\/utcaifoci.hu\/wp-content\/uploads\/2025\/12\/Logo-Inspire-scaled.png 2560w, https:\/\/utcaifoci.hu\/wp-content\/uploads\/2025\/12\/Logo-Inspire-300x145.png 300w, https:\/\/utcaifoci.hu\/wp-content\/uploads\/2025\/12\/Logo-Inspire-1024x494.png 1024w, https:\/\/utcaifoci.hu\/wp-content\/uploads\/2025\/12\/Logo-Inspire-768x370.png 768w, https:\/\/utcaifoci.hu\/wp-content\/uploads\/2025\/12\/Logo-Inspire-1536x740.png 1536w, https:\/\/utcaifoci.hu\/wp-content\/uploads\/2025\/12\/Logo-Inspire-2048x987.png 2048w, https:\/\/utcaifoci.hu\/wp-content\/uploads\/2025\/12\/Logo-Inspire-700x337.png 700w, https:\/\/utcaifoci.hu\/wp-content\/uploads\/2025\/12\/Logo-Inspire-2000x964.png 2000w, https:\/\/utcaifoci.hu\/wp-content\/uploads\/2025\/12\/Logo-Inspire-830x400.png 830w\" sizes=\"auto, (max-width: 150px) 100vw, 150px\" \/><br><br>Az INSPIRE projekt n\u00e9gy orsz\u00e1g \u00f6sszefog\u00e1s\u00e1val a 15-29 \u00e9v k\u00f6z\u00f6tti, oktat\u00e1sban nem r\u00e9szes\u00fcl\u0151 vagy munkaviszonyban nem \u00e1ll\u00f3 (NEET) fiatalok munkaer\u0151piaci integr\u00e1ci\u00f3j\u00e1t t\u00e1mogatja a sport\u00e1gazaton kereszt\u00fcl. A program c\u00e9lja a sikeres foglalkoztat\u00e1si modellek felt\u00e9rk\u00e9pez\u00e9se \u00e9s olyan eszk\u00f6z\u00f6k kidolgoz\u00e1sa, amelyek seg\u00edtik a kiszolg\u00e1ltatott fiatalok szakmai el\u0151menetel\u00e9t. A sport erej\u00e9t kihaszn\u00e1lva a r\u00e9sztvev\u0151k azonos\u00edtj\u00e1k a struktur\u00e1lis akad\u00e1lyokat \u00e9s n\u00e9pszer\u0171s\u00edtik a legjobb eur\u00f3pai integr\u00e1ci\u00f3s gyakorlatokat.<\/p>\n\n\n\n<p class=\"has-text-align-center has-small-font-size wp-container-content-69bc4bdf\"><strong>DIALECT 4<\/strong><br>2025.01.01.-2026.12.31.<a href=\"http:\/\/www.dialectproject.eu\" data-type=\"link\" data-id=\"www.dialectproject.eu\"><img loading=\"lazy\" decoding=\"async\" width=\"150\" height=\"83\" class=\"wp-image-2406\" style=\"width: 150px;\" src=\"http:\/\/utcaifoci.hu\/wp-content\/uploads\/2025\/07\/DialectLogo.jpg\" alt=\"\" srcset=\"https:\/\/utcaifoci.hu\/wp-content\/uploads\/2025\/07\/DialectLogo.jpg 746w, https:\/\/utcaifoci.hu\/wp-content\/uploads\/2025\/07\/DialectLogo-300x166.jpg 300w, https:\/\/utcaifoci.hu\/wp-content\/uploads\/2025\/07\/DialectLogo-700x387.jpg 700w, https:\/\/utcaifoci.hu\/wp-content\/uploads\/2025\/07\/DialectLogo-724x400.jpg 724w\" sizes=\"auto, (max-width: 150px) 100vw, 150px\" \/><\/a><br>A DIALECT4 a partners\u00e9g \u00f6t \u00e9vnyi tapasztalat\u00e1ra \u00e9p\u00edt, amelyet a DIALECT futballal az inkl\u00fazi\u00f3\u00e9rt m\u00f3dszertan alkalmaz\u00e1sa sor\u00e1n szerez. A program a g\u00f6r\u00f6g, olasz, magyar \u00e9s szerb h\u00e1tr\u00e1nyos helyzet\u0171 k\u00f6z\u00f6ss\u00e9gek fiataljait c\u00e9lozza, \u00e9s a gyermekek radikaliz\u00e1l\u00f3d\u00e1s\u00e1nak korai megel\u0151z\u00e9s\u00e9re, valamint ellen\u00e1ll\u00f3 k\u00e9pess\u00e9g\u00fck er\u0151s\u00edt\u00e9s\u00e9re t\u00f6rekszik a t\u00e1rsadalomban \u00e9s a sportban megjelen\u0151 intoler\u00e1ns retorik\u00e1val \u00e9s sz\u00e9ls\u0151s\u00e9ges n\u00e9zetekkel szemben.<\/p>\n\n\n\n<p class=\"has-text-align-center has-small-font-size\"><strong>MONSTER<\/strong><br>2024.01.01-2026.12.31.<br><br><a href=\"https:\/\/www.monsterproject.eu\/\"><img loading=\"lazy\" decoding=\"async\" width=\"150\" height=\"62\" class=\"wp-image-2507\" style=\"width: 150px;\" src=\"http:\/\/utcaifoci.hu\/wp-content\/uploads\/2025\/07\/monster.png\" alt=\"\" srcset=\"https:\/\/utcaifoci.hu\/wp-content\/uploads\/2025\/07\/monster.png 315w, https:\/\/utcaifoci.hu\/wp-content\/uploads\/2025\/07\/monster-300x124.png 300w\" sizes=\"auto, (max-width: 150px) 100vw, 150px\" \/><br><\/a>A MONSTER projekt \u00f6t eur\u00f3pai szervezet \u00f6sszefog\u00e1s\u00e1val a sport erej\u00e9t haszn\u00e1lja fel a fenntarthat\u00f3s\u00e1gi elvek \u00e9s az egy\u00e9ni k\u00f6rnyezeti felel\u0151ss\u00e9gv\u00e1llal\u00e1s n\u00e9pszer\u0171s\u00edt\u00e9s\u00e9re. A program sor\u00e1n 30 fiatal nagyk\u00f6vet vesz r\u00e9szt figyelemfelh\u00edv\u00f3 sportesem\u00e9nyeken \u00e9s interakt\u00edv workshopokon, megsz\u00f3l\u00edtva a sz\u00e9lesebb t\u00e1rsadalmi r\u00e9tegeket is. C\u00e9lunk a fenntarthat\u00f3 magatart\u00e1sform\u00e1k el\u0151mozd\u00edt\u00e1sa \u00e9s a sportesem\u00e9nyek k\u00f6rnyezetbar\u00e1t m\u00f3don t\u00f6rt\u00e9n\u0151 megszervez\u00e9s\u00e9nek gyakorlati bemutat\u00e1sa.<\/p>\n\n\n\n<p class=\"has-text-align-center has-small-font-size\"><strong>PPSS \u2013 Progression Pathways in Social Sports (Fejl\u0151d\u00e9si utak a szoci\u00e1lis sportok ter\u00fclet\u00e9n)<\/strong><br>2024.01.25-2026.07.31.<br><br><a href=\"https:\/\/www.stichtinglifegoals.nl\/2024\/03\/26\/het-progression-pathways-in-social-sports-ppss-project-is-begonnen\/\"><mark style=\"background-color:rgba(0, 0, 0, 0)\" class=\"has-inline-color has-vivid-cyan-blue-color\"><strong>PPSS<\/strong><\/mark><\/a><br><br>A PPSS projekt a sport erej\u00e9vel t\u00f6rekszik a t\u00e1rsadalmi \u00f6sszetart\u00e1s \u00e9s a kiszolg\u00e1ltatott csoportok eredm\u00e9nyes befogad\u00e1s\u00e1nak er\u0151s\u00edt\u00e9s\u00e9re a Life Goal kezdem\u00e9nyez\u00e9s\u00e9vel. A k\u00e9t\u00e9ves program keret\u00e9ben szoci\u00e1lisan r\u00e1szorul\u00f3 emberek sz\u00e1m\u00e1ra biztos\u00edtunk speci\u00e1lis k\u00e9pz\u00e9st, amely sor\u00e1n szoci\u00e1lis sportedz\u0151v\u00e9 v\u00e1lva nyithatnak \u00faj lehet\u0151s\u00e9geket \u00f6nmaguk \u00e9s k\u00f6z\u00f6ss\u00e9g\u00fck sz\u00e1m\u00e1ra. A r\u00e9sztvev\u0151k fejl\u0151d\u00e9se a projekt mott\u00f3ja ment\u00e9n val\u00f3sul meg: \u201eMozogj, hogy inspir\u00e1lj, inspir\u00e1lj, hogy mozogj!\u201d<\/p>\n\n\n\n<p class=\"has-text-align-center has-small-font-size\"><strong>Policy Advocacy for Sport and Society- PASS (Erasmus Sport)<\/strong><br>2024.01.01-2026.12.31<br><br><a href=\"https:\/\/www.fh-kufstein.ac.at\/en\/research\/research-projects\/policy-advocacy-for-sport-and-society-pass~w2940#:~:text=The%20PASS%20project%20aims%20to,values%20within%20the%20European%20communities.\"><img loading=\"lazy\" decoding=\"async\" width=\"150\" height=\"72\" class=\"wp-image-2584\" style=\"width: 150px;\" src=\"http:\/\/utcaifoci.hu\/wp-content\/uploads\/2025\/07\/pass.jpg\" alt=\"\" srcset=\"https:\/\/utcaifoci.hu\/wp-content\/uploads\/2025\/07\/pass.jpg 332w, https:\/\/utcaifoci.hu\/wp-content\/uploads\/2025\/07\/pass-300x145.jpg 300w\" sizes=\"auto, (max-width: 150px) 100vw, 150px\" \/><br><\/a><br>A PASS projekt a sportot mint a k\u00e9szs\u00e9gfejleszt\u00e9st \u00e9s a t\u00e1rsadalmi befogad\u00e1st t\u00e1mogat\u00f3 eszk\u00f6zt haszn\u00e1l\u00f3 szervezetek \u00e9rdek\u00e9rv\u00e9nyes\u00edt\u0151 k\u00e9szs\u00e9geinek fejleszt\u00e9s\u00e9re f\u00f3kusz\u00e1l. C\u00e9lja egy olyan \u00e1tfog\u00f3, struktur\u00e1lt eszk\u00f6zrendszer kidolgoz\u00e1sa, amely a szervezetek szakpolitikai \u00e9rdek\u00e9rv\u00e9nyes\u00edt\u0151 k\u00e9pess\u00e9g\u00e9t er\u0151s\u00edti, el\u0151seg\u00edtve ezzel a hat\u00e9konyabb k\u00f6z\u00f6ss\u00e9gi szerepv\u00e1llal\u00e1st \u00e9s a d\u00f6nt\u00e9shozatali folyamatokban val\u00f3 sikeresebb r\u00e9szv\u00e9telt.<\/p>\n\n\n\n<p class=\"has-text-align-center has-small-font-size\"><\/p>\n<\/div>\n\n\n\n<p><\/p>\n","protected":false},"excerpt":{"rendered":"<p>DIALECT 52026.01.01.-2028.12.31.A DIALECT 5 c\u00e9lja a sztereot\u00edpi\u00e1k kezel\u00e9se \u00e9s a tanul\u00f3k aktiviz\u00e1l\u00e1sa befogad\u00f3, toler\u00e1ns \u00e1ltal\u00e1nos iskol\u00e1k \u00e9p\u00edt\u00e9se a testnevel\u00e9sen kereszt\u00fcl. A projekt a DIALECT m\u00f3dszertant a testnevel\u00e9si tantervekhez \u00e9s szabadid\u0151s programokhoz igaz\u00edtja, fejlesztve a kritikai gondolkod\u00e1st, az emp\u00e1ti\u00e1t \u00e9s a t\u00e1rsadalmi koh\u00e9zi\u00f3t. Vegyes nem\u0171, multikultur\u00e1lis csapatmunk\u00e1t \u00e9s egyenl\u0151s\u00e9get t\u00e1mogat, \u00edgy biztons\u00e1gos, diszkrimin\u00e1ci\u00f3mentes iskol\u00e1kat er\u0151s\u00edt a &hellip; <a href=\"https:\/\/utcaifoci.hu\/?page_id=1272\" class=\"more-link\">Continue reading <span class=\"screen-reader-text\">Aktu\u00e1lis projektek<\/span> <span class=\"meta-nav\">&rarr;<\/span><\/a><\/p>\n","protected":false},"author":1,"featured_media":0,"parent":1181,"menu_order":0,"comment_status":"closed","ping_status":"closed","template":"","meta":{"footnotes":""},"class_list":["post-1272","page","type-page","status-publish","hentry"],"_links":{"self":[{"href":"https:\/\/utcaifoci.hu\/index.php?rest_route=\/wp\/v2\/pages\/1272","targetHints":{"allow":["GET"]}}],"collection":[{"href":"https:\/\/utcaifoci.hu\/index.php?rest_route=\/wp\/v2\/pages"}],"about":[{"href":"https:\/\/utcaifoci.hu\/index.php?rest_route=\/wp\/v2\/types\/page"}],"author":[{"embeddable":true,"href":"https:\/\/utcaifoci.hu\/index.php?rest_route=\/wp\/v2\/users\/1"}],"replies":[{"embeddable":true,"href":"https:\/\/utcaifoci.hu\/index.php?rest_route=%2Fwp%2Fv2%2Fcomments&post=1272"}],"version-history":[{"count":63,"href":"https:\/\/utcaifoci.hu\/index.php?rest_route=\/wp\/v2\/pages\/1272\/revisions"}],"predecessor-version":[{"id":2992,"href":"https:\/\/utcaifoci.hu\/index.php?rest_route=\/wp\/v2\/pages\/1272\/revisions\/2992"}],"up":[{"embeddable":true,"href":"https:\/\/utcaifoci.hu\/index.php?rest_route=\/wp\/v2\/pages\/1181"}],"wp:attachment":[{"href":"https:\/\/utcaifoci.hu\/index.php?rest_route=%2Fwp%2Fv2%2Fmedia&parent=1272"}],"curies":[{"name":"wp","href":"https:\/\/api.w.org\/{rel}","templated":true}]}}