{"id":1252,"date":"2017-07-27T11:50:44","date_gmt":"2017-07-27T09:50:44","guid":{"rendered":"http:\/\/utcaifoci.hu\/?page_id=1252"},"modified":"2026-03-09T12:56:33","modified_gmt":"2026-03-09T10:56:33","slug":"esemenyek","status":"publish","type":"page","link":"https:\/\/utcaifoci.hu\/?page_id=1252","title":{"rendered":"Esem\u00e9nyek"},"content":{"rendered":"<p><strong>2026 programok<br \/>\n<\/strong>2026. janu\u00e1r 28\u201329. \u2013 Dialect5 Kick-off meeting, Budapest<br \/>\n2026. febru\u00e1r 23\u201325. \u2013 Unity in Motion projekttal\u00e1lkoz\u00f3, Sz\u00f3fia, Bulg\u00e1ria<br \/>\n2026. m\u00e1rcius 13-14. &#8211; Football3 medi\u00e1tor k\u00e9pz\u00e9s<br \/>\n2026. \u00e1prilis 10. &#8211; Employability workshop<br \/>\n2026. m\u00e1jus 5\u201315. \u2013 Street Child World Cup, Mexik\u00f3<br \/>\n2026. j\u00fanius 23\u201326. \u2013 Dialect4 bajnoks\u00e0g \u00e9s nemzetk\u00f6zi projekttal\u00e1lkoz\u00f3, N\u00e1poly, Olaszorsz\u00e1g<br \/>\n2026. j\u00falius 4\u20138. \u2013 Ny\u00e1ri t\u00e1bor, Gyomaendr\u0151d<br \/>\n2026. j\u00falius 9\u201313. \u2013 Wroclaw Cup, Lengyelorsz\u00e1g<br \/>\n2026. augusztus vagy szeptember \u2013 Unity in Motion bajnoks\u00e1g, Sz\u00f3fia, Bulg\u00e1ria<\/p>\n<p><strong>2025 programok<\/strong><br \/>\n2025.02.05.-07. Dialect4 Kickoff meeting, Ath\u00e9n<br \/>\n2025.02.24.-28. VAR4 Fair Play projektind\u00edt\u00f3 megbesz\u00e9l\u00e9s, Csehorsz\u00e1g<br \/>\n2025.02.28.-03.01. Beach Golf k\u00e9pz\u00e9s, Pescara, Olaszorsz\u00e1g<br \/>\n2025.03.06.-07. VAR4 projektind\u00edt\u00f3 tal\u00e1lkoz\u00f3,Csehorsz\u00e1g<br \/>\n2025.03.07.-09. MONSTER CUS Torino esem\u00e9nye<br \/>\n2025.04.09.-11. PASS nemzetk\u00f6zi meeting, Kufstein<br \/>\n2025.05.03. Fairplay Football Roadshow Bag<br \/>\n2025.05.10. MONSTER Fairplay Football Roadshow, K\u00e1lv\u00e1ria t\u00e9r<br \/>\n2025.05.16. Fairplay Football Roadshow P\u00e9cs<br \/>\n2025.05.17. Fairplay Football Roadshow Nagyhars\u00e1ny<br \/>\n2025.05.21. Fairplay Football Roadshow Tereske<br \/>\n2025.05.14.-18. Visegrad 4 Nemzetk\u00f6zi vezet\u0151i k\u00e9pz\u00e9s, PLjevlja, Montenegro<br \/>\n2025.05.19.-21. GAIA nemzetk\u00f6zi konferencia,Skopje<br \/>\n2025.06.20.-06.23. Women Streetsoccer Euro torna B\u00e1zel, Sv\u00e1jc<br \/>\n2025.06.27.-07.06. Climate Wise 2 ifj\u00fas\u00e1gcsere<br \/>\n2025.07.10.-14. Wroclaw Kupa, Lengyelorsz\u00e1g<br \/>\n2025.07.16.-20. Ny\u00e1ri t\u00e1bor, Gyomaendr\u0151d<br \/>\n2025.08.04.-08. Balatonfenyves ny\u00e1ri t\u00e1bor<br \/>\n2025.08.23.-30. Homeless World Cup, Oslo<\/p>\n<p><strong>2023 programok<\/strong><br \/>\n2023.05.05. Fairplay Football Roadshow, M\u00e1v telepi \u00e1ltal\u00e1nos iskola<br \/>\n2023.05.26. Fairplay Football Roadshow, Aba\u00fajk\u00e9r<br \/>\n2023.06.28-30. Dialect2 workshop, Oslo, Norv\u00e9gia<br \/>\n2023.07.07-2023.07.15 &#8211; Homeless World Cup, Sacramento CA, USA<br \/>\n2023.07.20-24: Visegradi 4 t\u00e1bor, Pljevlja, Montenegro<br \/>\n2023. okt\u00f3ber Krikett Vil\u00e1gbajnoks\u00e1g, India<\/p>\n<p><strong>2022 esem\u00e9nyek<br \/>\n<\/strong>2022.03.12 N\u0151i Fairplay Fooball Roadshow, V\u00e1rosligeti Miniar\u00e9na<br \/>\n2022.03.14-16 Dialect nemzetk\u00f6zi bajnoks\u00e1g, Ath\u00e9n, G\u00f6r\u00f6gorsz\u00e1g<br \/>\n2022.04.15 Fairplay Football Roadshow , Tiszavasv\u00e1ri<br \/>\n2022.05.21 &#8211;\u00a0\u00a0Fairplay Football Roadshow, \u00d3zd<br \/>\n2022.05.25 \u2013 Fairplay Football Roadshow, Aba\u00fajk\u00e9r<br \/>\n2022.06.19 \u2013 HWC Bajnoks\u00e1g, Rom\u00e1nia<br \/>\n2022.06.26 &#8211; Pauferek kup\u00e1ja, V\u00edzm\u0171vek p\u00e1lya<br \/>\n2022.06.27 &#8211; 2022.07.01 \u2013 OSE Ny\u00e1ri foci t\u00e1bor I. &#8211; Hejce<br \/>\n2022.07.02. &#8211; Fairplay Football Roadshow, Gy\u00f6ngy\u00f6s<br \/>\n2022.07.15-17 &#8211; Wroclaw Cup, Lengyelorsz\u00e1g<br \/>\n2022.08.23-27 &#8211; OSE Ny\u00e1ri foci t\u00e1bor II.\u00a0\u00a0&#8211; Hejce<br \/>\n2022.10.06.- 2022.10.15. Streetchild World Cup, Doha, Katar<br \/>\n2022.10.17-23 Visegrad4 youngleader tr\u00e9ning \u00e9s bajnoks\u00e1g &#8211; Ausztria, Melk<br \/>\n2022.11.26 Fairplay Vil\u00e1gbajnoks\u00e1g , V\u00e1rosligeti Miniar\u00e9na<br \/>\n2022.12.03 Fairplay Vil\u00e1gbajnoks\u00e1g II., V\u00e1rosligeti Miniar\u00e9na<br \/>\n2022.12.10 Fairplay Football G\u00e1la \u00e9s HEPA Score for Respect Z\u00e1r\u00f3 konferencia<\/p>\n<p><strong>2020 programjaink:<\/strong><br \/>\n2020.01.19-21 Dialect projekt- nyit\u00f3 partner tal\u00e1lkoz\u00f3 &#8211; Ath\u00e9n, G\u00f6r\u00f6gorsz\u00e1g<br \/>\n2020.02.24-29 football3 for all, partnertal\u00e1lkoz\u00f3- Lisszabon, Portug\u00e1lia<br \/>\n2020.03.9-10 Football for Unity- UEFA, nemzetk\u00f6zi partnertal\u00e1lkoz\u00f3, Amszterdam, Hollandia, magyar r\u00e9sztvev\u0151k: IX. XIII. ker\u00fcleti \u00f6nkorm\u00e1nyzat, Oltalom Sportegyes\u00fclet<br \/>\n2020.06.20. Menek\u00fcltek Nemzetk\u00f6zi Vil\u00e1gnapja- Fair Play Football Roadshow, Budapest, Magyarorsz\u00e1g<br \/>\n2020.07.11 Fair Play Football Roadshow, Velence, Magyarorsz\u00e1g<br \/>\n2020.07.22-25 OSE ny\u00e1ri t\u00e1bor, Hejce, Magyarorsz\u00e1g<br \/>\n2020.08.04: Fair Play Football Roadshow, Szokolya, Magyarorsz\u00e1g<br \/>\n2020.08. 25-30 OSE ny\u00e1ri t\u00e1bor, Balatonakarattya, Magyarorsz\u00e1g<br \/>\n2020. 08.29 Fair Play Football Roadshow Balatonakarattya, Magyarorsz\u00e1g<br \/>\n2020.08.29 MLSZ Es\u00e9ly fesztiv\u00e1l<br \/>\n2020.11.07 Oltalom x SZFE Roadshow, V\u00e1rosligeti Miniar\u00e9na, Budapest<\/p>\n<p><strong>A Fair Play Football Roadshow 2019 \u00e1llom\u00e1sai:<\/strong><br \/>\n2019.03.09 Fair Play Football Road Show \u00c9vadnyit\u00f3, XIII. ker\u00fclet Prevenci\u00f3s k\u00f6zpont<br \/>\n2019.03.30 Fair Play Football Roadshow, F\u00f3t<br \/>\n2019.04.27 Fair Play Football Road Show, Miskolc Sz\u00e1mozott Utc\u00e1k<br \/>\n2019.05.25. Nemzetis\u00e9gek Fesztiv\u00e1lja, XIII. ker\u00fclet<br \/>\n2019.06.18 Fairplay Football Roadshow Menek\u00fcltek Vil\u00e1gnapja, F\u00f3ti gyermekotthon<br \/>\n2019.06.22 Fairplay Football Roadshow Timisoara, Rom\u00e1nia<br \/>\n2019.07.11 Fair Play Football Road Show, Velencei Gyermekt\u00e1bor<br \/>\n2019.08.10 Fairplay Football Roadshow, Sziget Fesztiv\u00e1l<br \/>\n2019.08.17 Balatonkenese Honv\u00e9d \u00dcd\u00fcl\u0151<br \/>\n2019.09.27 Fairplay Football Roadshow Aba\u00fajk\u00e9r Sportnap<br \/>\n2019.10.26. Football3 for All Roadshow, Prevenci\u00f3s K\u00f6zpont<br \/>\n<span style=\"font-weight: 400;\">2019.12.15. \u00c9v v\u00e9gi Fair Play G\u00e1la, Angyalf\u00f6ldi Sportcsarnok, Budapest, XIII ker\u00fclet<\/span><\/p>\n<p><strong>Nemzetk\u00f6zi bajnoks\u00e1gok, 2019:<\/strong><br \/>\n2019.04 22-28. Fair Play for Life, Antalaya, T\u00f6r\u00f6korsz\u00e1g<br \/>\n2019.05.17-18. UEFA Women\u2019s Champion League, Budapest, Magyarorsz\u00e1g<br \/>\n2019.06.10-16 European Street Soccer City Cup, Tropical Island, N\u00e9metorsz\u00e1g<br \/>\n2019.06.27-30. EPF World Record Festival, Lyon, Franciaorsz\u00e1g<br \/>\n2019.06.29.-07.08 Streetfootballworld Festival \u201919, Lyon, Franciaorsz\u00e1g<br \/>\n2019.07.12-13-14 Wroclaw Cup, Wroclaw, Lengyelorsz\u00e1g<br \/>\n2019.07.25-08.04 Homeless World Cup, Cardiff, Egyes\u00fclt Kir\u00e1lys\u00e1g<br \/>\n2019.08.29-09.01 Podolski\u2019s eleven 2019, K\u00f6ln N\u00e9metorsz\u00e1g<br \/>\n2019.09.20-23. Visegr\u00e1di V4 tal\u00e1lkoz\u00f3, Mragowo, Lengyelorsz\u00e1g<\/p>\n<p><strong>A Fair Play Football Roadshow 2018 \u00e1llom\u00e1sai:<\/strong><br \/>\n2018.04.14 Fair Play Football Road Show, H\u0151s Utca<br \/>\n2018.04.18 Fair Play Football Road Show, F\u00f3ti Gyermek Otthon<br \/>\n2018.04.28. Fair Play Football Road Show, V\u00e1s\u00e1rosnam\u00e9ny<br \/>\n2018.05.05. Fair Play Football Road Show, G\u00e1doros<br \/>\n2018.05.12. Fair Play Football Road Show, Charity Fest<br \/>\n2018.05.26 Nemzetis\u00e9gi Fair Play Football Roadshow, 80 \u00e9ves a XIII. ker.<br \/>\n2018.06.19-20 Fair Play Football Road Show Menek\u00fcltek Vil\u00e1gnapja, F\u00f3ti Gyermek V\u00e1ros<br \/>\n2018.06.23 Fair Play Football Road Show, Temesv\u00e1r Rom\u00e1nia<br \/>\n2018.07-07 Fair Play Fooball Road Show Girincs &#8211; Borsod-Aba\u00faj-Zempl\u00e9n<br \/>\n2018.07.21 Fair Play Football Road Show, Gy\u00f6ngy\u00f6spata<br \/>\n2018.08.04 Fair Play Football Roadshow, Balaton<br \/>\n2018.08.10-12. Sziget Fesztiv\u00e1l + Fair Play Football Road Show<br \/>\n2018 09.08 Fair Play Football Roadshow, Budapest XIII. ker\u00fclet Csal\u00e1di Sportnap<br \/>\n2018.09.15 Fair Play Football Road Show, Visegr\u00e1d<br \/>\n2018.09.29. Fair Play Football Road Show, Szeged<\/p>\n<p><a href=\"http:\/\/utcaifoci.hu\/wp-content\/uploads\/2017\/07\/esemenyek.jpg\"><img loading=\"lazy\" decoding=\"async\" class=\"aligncenter size-full wp-image-1345\" src=\"http:\/\/utcaifoci.hu\/wp-content\/uploads\/2017\/07\/esemenyek.jpg\" alt=\"\" width=\"512\" height=\"384\" srcset=\"https:\/\/utcaifoci.hu\/wp-content\/uploads\/2017\/07\/esemenyek.jpg 512w, https:\/\/utcaifoci.hu\/wp-content\/uploads\/2017\/07\/esemenyek-300x225.jpg 300w\" sizes=\"auto, (max-width: 512px) 100vw, 512px\" \/><\/a><\/p>\n<p><strong>Nemzetk\u00f6zi bajnoks\u00e1gok 2018:<\/strong><br \/>\n2018.03.14-16 HWC iPass Get Together Ljubljana (RA)<br \/>\n2018.04.23-27 Football3 for Respect Erasmus+ meeting in the Czech Republic (RA)<br \/>\n2018.05.29-06.03 International Street Football Championship in Brandenburg (Tropical Islands)<br \/>\n2018.06.23 FFH Festival begins for Young Leaders<br \/>\n2018.06.26-07.03 FIFA Foundation Festival\/Football for Hope Festival 2018 Russia<br \/>\n2018.07.27-29 Wroclaw Cup<br \/>\n2018.10.14 Goal Open tournament in Graz ladies and men competition<br \/>\n2018.10.20 Training day together with Austria HWC team Vienna<br \/>\n2018.11.11-20 Mexico 2018 Homeless World Cup<\/p>\n<p><strong>Tov\u00e1bbi versenyek:<\/strong><br \/>\n2018.04.27. Tolerancia Nap &#8211; K\u00f6zgazdas\u00e1gi Politechnikum Alternat\u00edv Gimn\u00e1zium<br \/>\n2018. 05. 26. CEU Picnic &#8211; SOTE Sporttelep<br \/>\n2018.06.02 MLSZ Es\u00e9ly Fesztiv\u00e1l<br \/>\n2017. 08. 13. Sziget Fesztiv\u00e1l, Budapest, politikus-m\u00e9dia-sz\u00edn\u00e9sz-OSE futball g\u00e1la<\/p>\n","protected":false},"excerpt":{"rendered":"<p>2026 programok 2026. janu\u00e1r 28\u201329. \u2013 Dialect5 Kick-off meeting, Budapest 2026. febru\u00e1r 23\u201325. \u2013 Unity in Motion projekttal\u00e1lkoz\u00f3, Sz\u00f3fia, Bulg\u00e1ria 2026. m\u00e1rcius 13-14. &#8211; Football3 medi\u00e1tor k\u00e9pz\u00e9s 2026. \u00e1prilis 10. &#8211; Employability workshop 2026. m\u00e1jus 5\u201315. \u2013 Street Child World Cup, Mexik\u00f3 2026. j\u00fanius 23\u201326. \u2013 Dialect4 bajnoks\u00e0g \u00e9s nemzetk\u00f6zi projekttal\u00e1lkoz\u00f3, N\u00e1poly, Olaszorsz\u00e1g 2026. j\u00falius &hellip; <a href=\"https:\/\/utcaifoci.hu\/?page_id=1252\" class=\"more-link\">Continue reading <span class=\"screen-reader-text\">Esem\u00e9nyek<\/span> <span class=\"meta-nav\">&rarr;<\/span><\/a><\/p>\n","protected":false},"author":1,"featured_media":0,"parent":0,"menu_order":18,"comment_status":"closed","ping_status":"closed","template":"","meta":{"footnotes":""},"class_list":["post-1252","page","type-page","status-publish","hentry"],"_links":{"self":[{"href":"https:\/\/utcaifoci.hu\/index.php?rest_route=\/wp\/v2\/pages\/1252","targetHints":{"allow":["GET"]}}],"collection":[{"href":"https:\/\/utcaifoci.hu\/index.php?rest_route=\/wp\/v2\/pages"}],"about":[{"href":"https:\/\/utcaifoci.hu\/index.php?rest_route=\/wp\/v2\/types\/page"}],"author":[{"embeddable":true,"href":"https:\/\/utcaifoci.hu\/index.php?rest_route=\/wp\/v2\/users\/1"}],"replies":[{"embeddable":true,"href":"https:\/\/utcaifoci.hu\/index.php?rest_route=%2Fwp%2Fv2%2Fcomments&post=1252"}],"version-history":[{"count":20,"href":"https:\/\/utcaifoci.hu\/index.php?rest_route=\/wp\/v2\/pages\/1252\/revisions"}],"predecessor-version":[{"id":2991,"href":"https:\/\/utcaifoci.hu\/index.php?rest_route=\/wp\/v2\/pages\/1252\/revisions\/2991"}],"wp:attachment":[{"href":"https:\/\/utcaifoci.hu\/index.php?rest_route=%2Fwp%2Fv2%2Fmedia&parent=1252"}],"curies":[{"name":"wp","href":"https:\/\/api.w.org\/{rel}","templated":true}]}}