{"id":1006,"date":"2017-06-14T11:15:55","date_gmt":"2017-06-14T10:15:55","guid":{"rendered":"http:\/\/utcaifoci.hu\/?page_id=1006"},"modified":"2026-03-11T10:52:56","modified_gmt":"2026-03-11T08:52:56","slug":"aaa","status":"publish","type":"page","link":"https:\/\/utcaifoci.hu\/?page_id=1006","title":{"rendered":"R\u00f3lunk"},"content":{"rendered":"\n<div class=\"wp-block-buttons is-content-justification-center is-layout-flex wp-container-core-buttons-is-layout-16018d1d wp-block-buttons-is-layout-flex\">\n<div class=\"wp-block-button\"><a class=\"wp-block-button__link wp-element-button\" href=\"https:\/\/utcaifoci.hu\/?page_id=1142\">M\u00c1SODIK ES\u00c9LY Sportegyes\u00fclet<\/a><\/div>\n\n\n\n<div class=\"wp-block-button\"><a class=\"wp-block-button__link wp-element-button\" href=\"https:\/\/utcaifoci.hu\/?page_id=1156\">Munkat\u00e1rsaink<\/a><\/div>\n<\/div>\n\n\n\n<p><\/p>\n\n\n\n<figure class=\"wp-block-embed is-type-video is-provider-youtube wp-block-embed-youtube wp-embed-aspect-16-9 wp-has-aspect-ratio\"><div class=\"wp-block-embed__wrapper\">\n<iframe loading=\"lazy\" title=\"Hogy mire k\u00f6ltj\u00fck az ad\u00f3 1%-ot?\" width=\"700\" height=\"394\" src=\"https:\/\/www.youtube.com\/embed\/u6xrcTNEq1w?feature=oembed\" frameborder=\"0\" allow=\"accelerometer; autoplay; clipboard-write; encrypted-media; gyroscope; picture-in-picture; web-share\" referrerpolicy=\"strict-origin-when-cross-origin\" allowfullscreen><\/iframe>\n<\/div><\/figure>\n\n\n<\/p>\n<p>A FUTBALL EGYED\u00dcL\u00c1LL\u00d3 EREJE K\u00c9PES JOBB\u00c1 TENNI A VIL\u00c1GOT. A M\u00c1SODIK ES\u00c9LY SPORTEGYES\u00dcLET C\u00c9LJA FELSZABAD\u00cdTANI EZT AZ ER\u0150T.<a href=\"http:\/\/utcaifoci.hu\/wp-content\/uploads\/2017\/06\/focista-2017.jpg\"><img loading=\"lazy\" decoding=\"async\" class=\"aligncenter size-large wp-image-1355\" src=\"http:\/\/utcaifoci.hu\/wp-content\/uploads\/2017\/06\/focista-2017-1024x574.jpg\" alt=\"\" width=\"700\" height=\"392\" srcset=\"https:\/\/utcaifoci.hu\/wp-content\/uploads\/2017\/06\/focista-2017-1024x574.jpg 1024w, https:\/\/utcaifoci.hu\/wp-content\/uploads\/2017\/06\/focista-2017-300x168.jpg 300w, https:\/\/utcaifoci.hu\/wp-content\/uploads\/2017\/06\/focista-2017-768x430.jpg 768w, https:\/\/utcaifoci.hu\/wp-content\/uploads\/2017\/06\/focista-2017-700x392.jpg 700w, https:\/\/utcaifoci.hu\/wp-content\/uploads\/2017\/06\/focista-2017-2000x1121.jpg 2000w, https:\/\/utcaifoci.hu\/wp-content\/uploads\/2017\/06\/focista-2017-714x400.jpg 714w\" sizes=\"auto, (max-width: 700px) 100vw, 700px\" \/><\/a><br \/>H\u00e1tr\u00e1nyos helyzet\u0171 feln\u0151tteknek \u00e9s gyerekeknek tessz\u00fck teljesebb\u00e9 az \u00e9let\u00e9t a futball seg\u00edts\u00e9g\u00e9vel. Rendszeres edz\u00e9seink \u00e1ltal m\u00e9lyszeg\u00e9nys\u00e9gben \u00e9l\u0151, hajl\u00e9ktalan emberek, jav\u00edt\u00f3int\u00e9zetben \u00e9l\u0151, illetve menek\u00fclt fiatalok kapnak lehet\u0151s\u00e9get a sport \u00e9s szoci\u00e1lis szolg\u00e1ltat\u00e1saink (\u00e1ll\u00e1skeres\u00e9s, nyelvoktat\u00e1s) seg\u00edts\u00e9g\u00e9vel form\u00e1lni sorsukat.<br \/>Hidat \u00e9p\u00edten\u00fcnk egym\u00e1ssal konfliktusban \u00e1ll\u00f3 t\u00e1rsadalmi csoportok k\u00f6z\u00f6tt Fairplay Football Roadshow bajnoks\u00e1gunkkal. Orsz\u00e1ghat\u00e1rokon \u00e1tny\u00fal\u00f3 rendezv\u00e9nysorozatunk m\u00e9rk\u0151z\u00e9sein a helyi \u00e9let fontos szerepl\u0151i, \u00f6nkorm\u00e1nyzatok, rend\u0151r\u00f6k, helyi klubok, h\u00e1tr\u00e1nyos helyzet\u0171 k\u00f6z\u00f6ss\u00e9gek csapatai alak\u00edtj\u00e1k demokratikus p\u00e1rbesz\u00e9ddel j\u00e1t\u00e9kuk szab\u00e1lyait, hogy a p\u00e1ly\u00e1r\u00f3l kil\u00e9pve, mindennapjaikba is magukkal vigy\u00e9k az egy\u00fcttm\u0171k\u00f6d\u00e9sre t\u00f6rekv\u0151 k\u00f6z\u00f6ss\u00e9g szellemis\u00e9g\u00e9t.<br \/>M\u00f3dszer\u00fcnket nemzetk\u00f6zi szervezetek tagjak\u00e9nt fejlesztj\u00fck, tev\u00e9kenys\u00e9g\u00fcnket a Common Goal, az UEFA Foundation for Children \u00e9s az Eur\u00f3pai Uni\u00f3 is t\u00e1mogatja.<\/p>","protected":false},"excerpt":{"rendered":"<p>A FUTBALL EGYED\u00dcL\u00c1LL\u00d3 EREJE K\u00c9PES JOBB\u00c1 TENNI A VIL\u00c1GOT. A M\u00c1SODIK ES\u00c9LY SPORTEGYES\u00dcLET C\u00c9LJA FELSZABAD\u00cdTANI EZT AZ ER\u0150T.H\u00e1tr\u00e1nyos helyzet\u0171 feln\u0151tteknek \u00e9s gyerekeknek tessz\u00fck teljesebb\u00e9 az \u00e9let\u00e9t a futball seg\u00edts\u00e9g\u00e9vel. Rendszeres edz\u00e9seink \u00e1ltal m\u00e9lyszeg\u00e9nys\u00e9gben \u00e9l\u0151, hajl\u00e9ktalan emberek, jav\u00edt\u00f3int\u00e9zetben \u00e9l\u0151, illetve menek\u00fclt fiatalok kapnak lehet\u0151s\u00e9get a sport \u00e9s szoci\u00e1lis szolg\u00e1ltat\u00e1saink (\u00e1ll\u00e1skeres\u00e9s, nyelvoktat\u00e1s) seg\u00edts\u00e9g\u00e9vel form\u00e1lni sorsukat.Hidat \u00e9p\u00edten\u00fcnk egym\u00e1ssal &hellip; <a href=\"https:\/\/utcaifoci.hu\/?page_id=1006\" class=\"more-link\">Continue reading <span class=\"screen-reader-text\">R\u00f3lunk<\/span> <span class=\"meta-nav\">&rarr;<\/span><\/a><\/p>\n","protected":false},"author":1,"featured_media":0,"parent":0,"menu_order":1,"comment_status":"closed","ping_status":"closed","template":"","meta":{"footnotes":""},"class_list":["post-1006","page","type-page","status-publish","hentry"],"_links":{"self":[{"href":"https:\/\/utcaifoci.hu\/index.php?rest_route=\/wp\/v2\/pages\/1006","targetHints":{"allow":["GET"]}}],"collection":[{"href":"https:\/\/utcaifoci.hu\/index.php?rest_route=\/wp\/v2\/pages"}],"about":[{"href":"https:\/\/utcaifoci.hu\/index.php?rest_route=\/wp\/v2\/types\/page"}],"author":[{"embeddable":true,"href":"https:\/\/utcaifoci.hu\/index.php?rest_route=\/wp\/v2\/users\/1"}],"replies":[{"embeddable":true,"href":"https:\/\/utcaifoci.hu\/index.php?rest_route=%2Fwp%2Fv2%2Fcomments&post=1006"}],"version-history":[{"count":28,"href":"https:\/\/utcaifoci.hu\/index.php?rest_route=\/wp\/v2\/pages\/1006\/revisions"}],"predecessor-version":[{"id":3003,"href":"https:\/\/utcaifoci.hu\/index.php?rest_route=\/wp\/v2\/pages\/1006\/revisions\/3003"}],"wp:attachment":[{"href":"https:\/\/utcaifoci.hu\/index.php?rest_route=%2Fwp%2Fv2%2Fmedia&parent=1006"}],"curies":[{"name":"wp","href":"https:\/\/api.w.org\/{rel}","templated":true}]}}